{"id":2379,"date":"2024-06-06T15:40:45","date_gmt":"2024-06-06T13:40:45","guid":{"rendered":"https:\/\/www.masserialimbitello.com\/?page_id=2379"},"modified":"2024-06-14T14:34:14","modified_gmt":"2024-06-14T12:34:14","slug":"esperienze","status":"publish","type":"page","link":"https:\/\/www.masserialimbitello.com\/it\/esperienze\/","title":{"rendered":"Esperienze"},"content":{"rendered":"\t\t<div data-elementor-type=\"wp-page\" data-elementor-id=\"2379\" class=\"elementor elementor-2379\" data-elementor-post-type=\"page\">\n\t\t\t\t<div class=\"elementor-element elementor-element-d3b96b6 e-con-full e-flex e-con e-parent\" data-id=\"d3b96b6\" data-element_type=\"container\" data-e-type=\"container\">\n\t\t\t\t<div class=\"elementor-element elementor-element-8b98a5d elementor--h-position-center elementor--v-position-middle elementor-arrows-position-inside elementor-pagination-position-inside elementor-widget elementor-widget-slides\" data-id=\"8b98a5d\" data-element_type=\"widget\" data-e-type=\"widget\" data-settings=\"{&quot;navigation&quot;:&quot;both&quot;,&quot;autoplay&quot;:&quot;yes&quot;,&quot;pause_on_hover&quot;:&quot;yes&quot;,&quot;pause_on_interaction&quot;:&quot;yes&quot;,&quot;autoplay_speed&quot;:5000,&quot;infinite&quot;:&quot;yes&quot;,&quot;transition&quot;:&quot;slide&quot;,&quot;transition_speed&quot;:500}\" data-widget_type=\"slides.default\">\n\t\t\t\t<div class=\"elementor-widget-container\">\n\t\t\t\t\t\t\t\t\t<div class=\"elementor-swiper\">\n\t\t\t\t\t<div class=\"elementor-slides-wrapper elementor-main-swiper swiper\" role=\"region\" aria-roledescription=\"carousel\" aria-label=\"Slides\" dir=\"ltr\" data-animation=\"fadeInUp\">\n\t\t\t\t<div class=\"swiper-wrapper elementor-slides\">\n\t\t\t\t\t\t\t\t\t\t<div class=\"elementor-repeater-item-b09cac6 swiper-slide\" role=\"group\" aria-roledescription=\"slide\"><div class=\"swiper-slide-bg elementor-ken-burns elementor-ken-burns--in\" role=\"img\"><\/div><div class=\"elementor-background-overlay\"><\/div><div class=\"swiper-slide-inner\" ><div class=\"swiper-slide-contents\"><div class=\"elementor-slide-heading\">Esperienze<\/div><\/div><\/div><\/div>\t\t\t\t<\/div>\n\t\t\t\t\t\t\t<\/div>\n\t\t\t\t<\/div>\n\t\t\t\t\t\t\t\t<\/div>\n\t\t\t\t<\/div>\n\t\t\t\t<\/div>\n\t\t<div class=\"elementor-element elementor-element-bcaced7 e-flex e-con-boxed elementor-invisible e-con e-parent\" data-id=\"bcaced7\" data-element_type=\"container\" data-e-type=\"container\" data-settings=\"{&quot;animation&quot;:&quot;fadeIn&quot;}\">\n\t\t\t\t\t<div class=\"e-con-inner\">\n\t\t\t\t<div class=\"elementor-element elementor-element-dc99c4e elementor-align-center elementor-hidden-mobile elementor-widget elementor-widget-button\" data-id=\"dc99c4e\" data-element_type=\"widget\" data-e-type=\"widget\" data-widget_type=\"button.default\">\n\t\t\t\t<div class=\"elementor-widget-container\">\n\t\t\t\t\t\t\t\t\t<div class=\"elementor-button-wrapper\">\n\t\t\t\t\t<a class=\"elementor-button elementor-button-link elementor-size-sm\" href=\"\/it\/informazioni\">\n\t\t\t\t\t\t<span class=\"elementor-button-content-wrapper\">\n\t\t\t\t\t\t\t\t\t<span class=\"elementor-button-text\">Richiedi informazioni<\/span>\n\t\t\t\t\t<\/span>\n\t\t\t\t\t<\/a>\n\t\t\t\t<\/div>\n\t\t\t\t\t\t\t\t<\/div>\n\t\t\t\t<\/div>\n\t\t\t\t<div class=\"elementor-element elementor-element-fe4cd42 elementor-hidden-desktop elementor-hidden-tablet elementor-hidden-mobile elementor-widget elementor-widget-html\" data-id=\"fe4cd42\" data-element_type=\"widget\" data-e-type=\"widget\" data-widget_type=\"html.default\">\n\t\t\t\t<div class=\"elementor-widget-container\">\n\t\t\t\t\t<script charset=\"UTF-8\" defer src=\"https:\/\/cdn.beddy.io\/bol-v2\/prod\/beddy-bar-web-component.js\"><\/script><beddy-bar lang=\"it\" widgetcode=\"92f122d5bc7e0\"><\/beddy-bar>\t\t\t\t<\/div>\n\t\t\t\t<\/div>\n\t\t\t\t\t<\/div>\n\t\t\t\t<\/div>\n\t\t<div class=\"elementor-element elementor-element-2d58075 e-flex e-con-boxed e-con e-parent\" data-id=\"2d58075\" data-element_type=\"container\" data-e-type=\"container\" data-settings=\"{&quot;background_background&quot;:&quot;classic&quot;}\">\n\t\t\t\t\t<div class=\"e-con-inner\">\n\t\t<div class=\"elementor-element elementor-element-a79df87 e-con-full animated-slow e-flex elementor-invisible e-con e-child\" data-id=\"a79df87\" data-element_type=\"container\" data-e-type=\"container\" data-settings=\"{&quot;animation&quot;:&quot;fadeIn&quot;}\">\n\t\t\t\t<div class=\"elementor-element elementor-element-34bee87 elementor-widget elementor-widget-heading\" data-id=\"34bee87\" data-element_type=\"widget\" data-e-type=\"widget\" data-settings=\"{&quot;motion_fx_translateY_speed&quot;:{&quot;unit&quot;:&quot;px&quot;,&quot;size&quot;:1,&quot;sizes&quot;:[]},&quot;motion_fx_motion_fx_scrolling&quot;:&quot;yes&quot;,&quot;motion_fx_translateY_effect&quot;:&quot;yes&quot;,&quot;motion_fx_opacity_effect&quot;:&quot;yes&quot;,&quot;motion_fx_devices&quot;:[&quot;desktop&quot;,&quot;tablet&quot;],&quot;motion_fx_translateY_affectedRange&quot;:{&quot;unit&quot;:&quot;%&quot;,&quot;size&quot;:&quot;&quot;,&quot;sizes&quot;:{&quot;start&quot;:0,&quot;end&quot;:100}},&quot;motion_fx_opacity_direction&quot;:&quot;out-in&quot;,&quot;motion_fx_opacity_level&quot;:{&quot;unit&quot;:&quot;px&quot;,&quot;size&quot;:10,&quot;sizes&quot;:[]},&quot;motion_fx_opacity_range&quot;:{&quot;unit&quot;:&quot;%&quot;,&quot;size&quot;:&quot;&quot;,&quot;sizes&quot;:{&quot;start&quot;:20,&quot;end&quot;:80}}}\" data-widget_type=\"heading.default\">\n\t\t\t\t<div class=\"elementor-widget-container\">\n\t\t\t\t\t<h2 class=\"elementor-heading-title elementor-size-default\">Come trascorrere al meglio la vostra vacanza presso Masseria Limbitello<\/h2>\t\t\t\t<\/div>\n\t\t\t\t<\/div>\n\t\t\t\t<\/div>\n\t\t\t\t\t<\/div>\n\t\t\t\t<\/div>\n\t\t<div class=\"elementor-element elementor-element-43bfca5 e-flex e-con-boxed e-con e-parent\" data-id=\"43bfca5\" data-element_type=\"container\" data-e-type=\"container\">\n\t\t\t\t\t<div class=\"e-con-inner\">\n\t\t<div class=\"elementor-element elementor-element-29b2e7c e-con-full e-flex elementor-invisible e-con e-child\" data-id=\"29b2e7c\" data-element_type=\"container\" data-e-type=\"container\" data-settings=\"{&quot;animation&quot;:&quot;fadeIn&quot;,&quot;animation_delay&quot;:200}\">\n\t\t\t\t<div class=\"elementor-element elementor-element-98d4723 elementor-widget elementor-widget-image\" data-id=\"98d4723\" data-element_type=\"widget\" data-e-type=\"widget\" data-widget_type=\"image.default\">\n\t\t\t\t<div class=\"elementor-widget-container\">\n\t\t\t\t\t\t\t\t\t\t\t\t\t\t\t<img fetchpriority=\"high\" decoding=\"async\" width=\"800\" height=\"533\" src=\"https:\/\/www.masserialimbitello.com\/wp-content\/uploads\/2024\/05\/bioresort-salento.jpg\" class=\"attachment-large size-large wp-image-2776\" alt=\"\" srcset=\"https:\/\/www.masserialimbitello.com\/wp-content\/uploads\/2024\/05\/bioresort-salento.jpg 923w, https:\/\/www.masserialimbitello.com\/wp-content\/uploads\/2024\/05\/bioresort-salento-300x200.jpg 300w, https:\/\/www.masserialimbitello.com\/wp-content\/uploads\/2024\/05\/bioresort-salento-768x512.jpg 768w\" sizes=\"(max-width: 800px) 100vw, 800px\" \/>\t\t\t\t\t\t\t\t\t\t\t\t\t\t\t<\/div>\n\t\t\t\t<\/div>\n\t\t\t\t<div class=\"elementor-element elementor-element-5d709db elementor-widget elementor-widget-heading\" data-id=\"5d709db\" data-element_type=\"widget\" data-e-type=\"widget\" data-widget_type=\"heading.default\">\n\t\t\t\t<div class=\"elementor-widget-container\">\n\t\t\t\t\t<h2 class=\"elementor-heading-title elementor-size-default\">Percorsi Benessere<\/h2>\t\t\t\t<\/div>\n\t\t\t\t<\/div>\n\t\t\t\t<div class=\"elementor-element elementor-element-d43697c elementor-widget elementor-widget-text-editor\" data-id=\"d43697c\" data-element_type=\"widget\" data-e-type=\"widget\" data-widget_type=\"text-editor.default\">\n\t\t\t\t<div class=\"elementor-widget-container\">\n\t\t\t\t\t\t\t\t\t<p class=\"nspText tjustify fleft\">Per chi ne fa richiesta \u00e8 possibile organizzare corsi di yoga, antiginnastica e corsi sui tamburelli sciamanici direttamente in masseria. Sapremo guidarvi in queste esperienze sensoriali&#8230;<\/p>\t\t\t\t\t\t\t\t<\/div>\n\t\t\t\t<\/div>\n\t\t\t\t<div class=\"elementor-element elementor-element-9fce9df elementor-align-left elementor-widget elementor-widget-button\" data-id=\"9fce9df\" data-element_type=\"widget\" data-e-type=\"widget\" data-widget_type=\"button.default\">\n\t\t\t\t<div class=\"elementor-widget-container\">\n\t\t\t\t\t\t\t\t\t<div class=\"elementor-button-wrapper\">\n\t\t\t\t\t<a class=\"elementor-button elementor-button-link elementor-size-sm elementor-animation-bounce-in\" href=\"#\">\n\t\t\t\t\t\t<span class=\"elementor-button-content-wrapper\">\n\t\t\t\t\t\t\t\t\t<span class=\"elementor-button-text\">Fai clic qui<\/span>\n\t\t\t\t\t<\/span>\n\t\t\t\t\t<\/a>\n\t\t\t\t<\/div>\n\t\t\t\t\t\t\t\t<\/div>\n\t\t\t\t<\/div>\n\t\t\t\t<\/div>\n\t\t<div class=\"elementor-element elementor-element-e84bfdc e-con-full e-flex elementor-invisible e-con e-child\" data-id=\"e84bfdc\" data-element_type=\"container\" data-e-type=\"container\" data-settings=\"{&quot;animation&quot;:&quot;fadeIn&quot;,&quot;animation_delay&quot;:400}\">\n\t\t\t\t<div class=\"elementor-element elementor-element-41e6703 elementor-widget elementor-widget-image\" data-id=\"41e6703\" data-element_type=\"widget\" data-e-type=\"widget\" data-widget_type=\"image.default\">\n\t\t\t\t<div class=\"elementor-widget-container\">\n\t\t\t\t\t\t\t\t\t\t\t\t\t\t\t<img decoding=\"async\" width=\"800\" height=\"534\" src=\"https:\/\/www.masserialimbitello.com\/wp-content\/uploads\/2024\/05\/escursioni-in-barca-salento.jpg\" class=\"attachment-large size-large wp-image-2768\" alt=\"\" srcset=\"https:\/\/www.masserialimbitello.com\/wp-content\/uploads\/2024\/05\/escursioni-in-barca-salento.jpg 923w, https:\/\/www.masserialimbitello.com\/wp-content\/uploads\/2024\/05\/escursioni-in-barca-salento-300x200.jpg 300w, https:\/\/www.masserialimbitello.com\/wp-content\/uploads\/2024\/05\/escursioni-in-barca-salento-768x513.jpg 768w\" sizes=\"(max-width: 800px) 100vw, 800px\" \/>\t\t\t\t\t\t\t\t\t\t\t\t\t\t\t<\/div>\n\t\t\t\t<\/div>\n\t\t\t\t<div class=\"elementor-element elementor-element-4476afd elementor-widget elementor-widget-heading\" data-id=\"4476afd\" data-element_type=\"widget\" data-e-type=\"widget\" data-widget_type=\"heading.default\">\n\t\t\t\t<div class=\"elementor-widget-container\">\n\t\t\t\t\t<h2 class=\"elementor-heading-title elementor-size-default\">Escursioni<\/h2>\t\t\t\t<\/div>\n\t\t\t\t<\/div>\n\t\t\t\t<div class=\"elementor-element elementor-element-ebd41fd elementor-widget elementor-widget-text-editor\" data-id=\"ebd41fd\" data-element_type=\"widget\" data-e-type=\"widget\" data-widget_type=\"text-editor.default\">\n\t\t\t\t<div class=\"elementor-widget-container\">\n\t\t\t\t\t\t\t\t\t<p class=\"nspText tjustify fleft\">Masseria Limbitello \u00e8 un primo riferimento per chi, amante della vita dinamica, gradisce cimentarsi negli sport acquatici, in escursioni in barca a cavallo o in quad. E&#8217; garantita una scontistica&#8230;<\/p>\t\t\t\t\t\t\t\t<\/div>\n\t\t\t\t<\/div>\n\t\t\t\t<div class=\"elementor-element elementor-element-d763f43 elementor-align-left elementor-widget elementor-widget-button\" data-id=\"d763f43\" data-element_type=\"widget\" data-e-type=\"widget\" data-widget_type=\"button.default\">\n\t\t\t\t<div class=\"elementor-widget-container\">\n\t\t\t\t\t\t\t\t\t<div class=\"elementor-button-wrapper\">\n\t\t\t\t\t<a class=\"elementor-button elementor-button-link elementor-size-sm elementor-animation-bounce-in\" href=\"#\">\n\t\t\t\t\t\t<span class=\"elementor-button-content-wrapper\">\n\t\t\t\t\t\t\t\t\t<span class=\"elementor-button-text\">Fai clic qui<\/span>\n\t\t\t\t\t<\/span>\n\t\t\t\t\t<\/a>\n\t\t\t\t<\/div>\n\t\t\t\t\t\t\t\t<\/div>\n\t\t\t\t<\/div>\n\t\t\t\t<\/div>\n\t\t<div class=\"elementor-element elementor-element-51e0c2f e-con-full e-flex elementor-invisible e-con e-child\" data-id=\"51e0c2f\" data-element_type=\"container\" data-e-type=\"container\" data-settings=\"{&quot;animation&quot;:&quot;fadeIn&quot;,&quot;animation_delay&quot;:600}\">\n\t\t\t\t<div class=\"elementor-element elementor-element-3c64acb elementor-widget elementor-widget-image\" data-id=\"3c64acb\" data-element_type=\"widget\" data-e-type=\"widget\" data-widget_type=\"image.default\">\n\t\t\t\t<div class=\"elementor-widget-container\">\n\t\t\t\t\t\t\t\t\t\t\t\t\t\t\t<img decoding=\"async\" width=\"800\" height=\"534\" src=\"https:\/\/www.masserialimbitello.com\/wp-content\/uploads\/2024\/05\/territorio-1024x683.jpg\" class=\"attachment-large size-large wp-image-2783\" alt=\"\" srcset=\"https:\/\/www.masserialimbitello.com\/wp-content\/uploads\/2024\/05\/territorio-1024x683.jpg 1024w, https:\/\/www.masserialimbitello.com\/wp-content\/uploads\/2024\/05\/territorio-300x200.jpg 300w, https:\/\/www.masserialimbitello.com\/wp-content\/uploads\/2024\/05\/territorio-768x512.jpg 768w, https:\/\/www.masserialimbitello.com\/wp-content\/uploads\/2024\/05\/territorio.jpg 1200w\" sizes=\"(max-width: 800px) 100vw, 800px\" \/>\t\t\t\t\t\t\t\t\t\t\t\t\t\t\t<\/div>\n\t\t\t\t<\/div>\n\t\t\t\t<div class=\"elementor-element elementor-element-04a2cdc elementor-widget elementor-widget-heading\" data-id=\"04a2cdc\" data-element_type=\"widget\" data-e-type=\"widget\" data-widget_type=\"heading.default\">\n\t\t\t\t<div class=\"elementor-widget-container\">\n\t\t\t\t\t<h2 class=\"elementor-heading-title elementor-size-default\">Nei dintorni<\/h2>\t\t\t\t<\/div>\n\t\t\t\t<\/div>\n\t\t\t\t<div class=\"elementor-element elementor-element-70327cd elementor-widget elementor-widget-text-editor\" data-id=\"70327cd\" data-element_type=\"widget\" data-e-type=\"widget\" data-widget_type=\"text-editor.default\">\n\t\t\t\t<div class=\"elementor-widget-container\">\n\t\t\t\t\t\t\t\t\t<p class=\"nspText tjustify fleft\">Non solo mare e natura ma anche cultura, tradizione e storia..scopri le citt\u00e0 pi\u00f9 importanti e rappresentative del Salento come Lecce, Otranto, Gallipoli&#8230; Scopri le localit\u00e0 nei pressi di Masseria&#8230;<\/p>\t\t\t\t\t\t\t\t<\/div>\n\t\t\t\t<\/div>\n\t\t\t\t<div class=\"elementor-element elementor-element-a8190cf elementor-align-left elementor-widget elementor-widget-button\" data-id=\"a8190cf\" data-element_type=\"widget\" data-e-type=\"widget\" data-widget_type=\"button.default\">\n\t\t\t\t<div class=\"elementor-widget-container\">\n\t\t\t\t\t\t\t\t\t<div class=\"elementor-button-wrapper\">\n\t\t\t\t\t<a class=\"elementor-button elementor-button-link elementor-size-sm elementor-animation-bounce-in\" href=\"#\">\n\t\t\t\t\t\t<span class=\"elementor-button-content-wrapper\">\n\t\t\t\t\t\t\t\t\t<span class=\"elementor-button-text\">Fai clic qui<\/span>\n\t\t\t\t\t<\/span>\n\t\t\t\t\t<\/a>\n\t\t\t\t<\/div>\n\t\t\t\t\t\t\t\t<\/div>\n\t\t\t\t<\/div>\n\t\t\t\t<\/div>\n\t\t\t\t\t<\/div>\n\t\t\t\t<\/div>\n\t\t\t\t<\/div>\n\t\t","protected":false},"excerpt":{"rendered":"<p>Esperienze Richiedi informazioni Come trascorrere al meglio la vostra vacanza presso Masseria Limbitello Percorsi Benessere Per chi ne fa richiesta \u00e8 possibile organizzare corsi di yoga, antiginnastica e corsi sui tamburelli sciamanici direttamente in masseria. Sapremo guidarvi in queste esperienze sensoriali&#8230; Fai clic qui Escursioni Masseria Limbitello \u00e8 un primo riferimento per chi, amante della [&hellip;]<\/p>\n","protected":false},"author":1,"featured_media":1869,"parent":0,"menu_order":0,"comment_status":"closed","ping_status":"closed","template":"elementor_header_footer","meta":{"footnotes":""},"class_list":["post-2379","page","type-page","status-publish","has-post-thumbnail","hentry"],"yoast_head":"<!-- This site is optimized with the Yoast SEO plugin v27.3 - https:\/\/yoast.com\/product\/yoast-seo-wordpress\/ -->\n<title>Vacanze in Masserie Salento. Escursioni, Percorsi Benessere e Itinerari per il tuo Soggiorno nel Salento.<\/title>\n<meta name=\"description\" content=\"Le proposte di Masseria Limbitello per escursioni, percorsi benessere e itinerari nel Salento.\" \/>\n<meta name=\"robots\" content=\"index, follow, max-snippet:-1, max-image-preview:large, max-video-preview:-1\" \/>\n<link rel=\"canonical\" href=\"https:\/\/www.masserialimbitello.com\/it\/esperienze\/\" \/>\n<meta property=\"og:locale\" content=\"it_IT\" \/>\n<meta property=\"og:type\" content=\"article\" \/>\n<meta property=\"og:title\" content=\"Vacanze in Masserie Salento. Escursioni, Percorsi Benessere e Itinerari per il tuo Soggiorno nel Salento.\" \/>\n<meta property=\"og:description\" content=\"Le proposte di Masseria Limbitello per escursioni, percorsi benessere e itinerari nel Salento.\" \/>\n<meta property=\"og:url\" content=\"https:\/\/www.masserialimbitello.com\/it\/esperienze\/\" \/>\n<meta property=\"og:site_name\" content=\"Masseria Limbitello\" \/>\n<meta property=\"article:modified_time\" content=\"2024-06-14T12:34:14+00:00\" \/>\n<meta property=\"og:image\" content=\"https:\/\/www.masserialimbitello.com\/wp-content\/uploads\/2024\/05\/yoga-2.jpg\" \/>\n\t<meta property=\"og:image:width\" content=\"1200\" \/>\n\t<meta property=\"og:image:height\" content=\"800\" \/>\n\t<meta property=\"og:image:type\" content=\"image\/jpeg\" \/>\n<meta name=\"twitter:card\" content=\"summary_large_image\" \/>\n<meta name=\"twitter:label1\" content=\"Tempo di lettura stimato\" \/>\n\t<meta name=\"twitter:data1\" content=\"2 minuti\" \/>\n<script type=\"application\/ld+json\" class=\"yoast-schema-graph\">{\"@context\":\"https:\\\/\\\/schema.org\",\"@graph\":[{\"@type\":\"WebPage\",\"@id\":\"https:\\\/\\\/www.masserialimbitello.com\\\/it\\\/esperienze\\\/\",\"url\":\"https:\\\/\\\/www.masserialimbitello.com\\\/it\\\/esperienze\\\/\",\"name\":\"Vacanze in Masserie Salento. Escursioni, Percorsi Benessere e Itinerari per il tuo Soggiorno nel Salento.\",\"isPartOf\":{\"@id\":\"https:\\\/\\\/www.masserialimbitello.com\\\/it\\\/#website\"},\"primaryImageOfPage\":{\"@id\":\"https:\\\/\\\/www.masserialimbitello.com\\\/it\\\/esperienze\\\/#primaryimage\"},\"image\":{\"@id\":\"https:\\\/\\\/www.masserialimbitello.com\\\/it\\\/esperienze\\\/#primaryimage\"},\"thumbnailUrl\":\"https:\\\/\\\/www.masserialimbitello.com\\\/wp-content\\\/uploads\\\/2024\\\/05\\\/yoga-2.jpg\",\"datePublished\":\"2024-06-06T13:40:45+00:00\",\"dateModified\":\"2024-06-14T12:34:14+00:00\",\"description\":\"Le proposte di Masseria Limbitello per escursioni, percorsi benessere e itinerari nel Salento.\",\"breadcrumb\":{\"@id\":\"https:\\\/\\\/www.masserialimbitello.com\\\/it\\\/esperienze\\\/#breadcrumb\"},\"inLanguage\":\"it-IT\",\"potentialAction\":[{\"@type\":\"ReadAction\",\"target\":[\"https:\\\/\\\/www.masserialimbitello.com\\\/it\\\/esperienze\\\/\"]}]},{\"@type\":\"ImageObject\",\"inLanguage\":\"it-IT\",\"@id\":\"https:\\\/\\\/www.masserialimbitello.com\\\/it\\\/esperienze\\\/#primaryimage\",\"url\":\"https:\\\/\\\/www.masserialimbitello.com\\\/wp-content\\\/uploads\\\/2024\\\/05\\\/yoga-2.jpg\",\"contentUrl\":\"https:\\\/\\\/www.masserialimbitello.com\\\/wp-content\\\/uploads\\\/2024\\\/05\\\/yoga-2.jpg\",\"width\":1200,\"height\":800},{\"@type\":\"BreadcrumbList\",\"@id\":\"https:\\\/\\\/www.masserialimbitello.com\\\/it\\\/esperienze\\\/#breadcrumb\",\"itemListElement\":[{\"@type\":\"ListItem\",\"position\":1,\"name\":\"Home\",\"item\":\"https:\\\/\\\/www.masserialimbitello.com\\\/it\\\/\"},{\"@type\":\"ListItem\",\"position\":2,\"name\":\"Esperienze\"}]},{\"@type\":\"WebSite\",\"@id\":\"https:\\\/\\\/www.masserialimbitello.com\\\/it\\\/#website\",\"url\":\"https:\\\/\\\/www.masserialimbitello.com\\\/it\\\/\",\"name\":\"Masseria Limbitello\",\"description\":\"\",\"publisher\":{\"@id\":\"https:\\\/\\\/www.masserialimbitello.com\\\/it\\\/#organization\"},\"potentialAction\":[{\"@type\":\"SearchAction\",\"target\":{\"@type\":\"EntryPoint\",\"urlTemplate\":\"https:\\\/\\\/www.masserialimbitello.com\\\/it\\\/?s={search_term_string}\"},\"query-input\":{\"@type\":\"PropertyValueSpecification\",\"valueRequired\":true,\"valueName\":\"search_term_string\"}}],\"inLanguage\":\"it-IT\"},{\"@type\":\"Organization\",\"@id\":\"https:\\\/\\\/www.masserialimbitello.com\\\/it\\\/#organization\",\"name\":\"Masseria Limbitello\",\"url\":\"https:\\\/\\\/www.masserialimbitello.com\\\/it\\\/\",\"logo\":{\"@type\":\"ImageObject\",\"inLanguage\":\"it-IT\",\"@id\":\"https:\\\/\\\/www.masserialimbitello.com\\\/it\\\/#\\\/schema\\\/logo\\\/image\\\/\",\"url\":\"https:\\\/\\\/www.masserialimbitello.com\\\/wp-content\\\/uploads\\\/2024\\\/03\\\/logo_limbitello.png\",\"contentUrl\":\"https:\\\/\\\/www.masserialimbitello.com\\\/wp-content\\\/uploads\\\/2024\\\/03\\\/logo_limbitello.png\",\"width\":250,\"height\":141,\"caption\":\"Masseria Limbitello\"},\"image\":{\"@id\":\"https:\\\/\\\/www.masserialimbitello.com\\\/it\\\/#\\\/schema\\\/logo\\\/image\\\/\"}}]}<\/script>\n<!-- \/ Yoast SEO plugin. -->","yoast_head_json":{"title":"Vacanze in Masserie Salento. Escursioni, Percorsi Benessere e Itinerari per il tuo Soggiorno nel Salento.","description":"Le proposte di Masseria Limbitello per escursioni, percorsi benessere e itinerari nel Salento.","robots":{"index":"index","follow":"follow","max-snippet":"max-snippet:-1","max-image-preview":"max-image-preview:large","max-video-preview":"max-video-preview:-1"},"canonical":"https:\/\/www.masserialimbitello.com\/it\/esperienze\/","og_locale":"it_IT","og_type":"article","og_title":"Vacanze in Masserie Salento. Escursioni, Percorsi Benessere e Itinerari per il tuo Soggiorno nel Salento.","og_description":"Le proposte di Masseria Limbitello per escursioni, percorsi benessere e itinerari nel Salento.","og_url":"https:\/\/www.masserialimbitello.com\/it\/esperienze\/","og_site_name":"Masseria Limbitello","article_modified_time":"2024-06-14T12:34:14+00:00","og_image":[{"width":1200,"height":800,"url":"https:\/\/www.masserialimbitello.com\/wp-content\/uploads\/2024\/05\/yoga-2.jpg","type":"image\/jpeg"}],"twitter_card":"summary_large_image","twitter_misc":{"Tempo di lettura stimato":"2 minuti"},"schema":{"@context":"https:\/\/schema.org","@graph":[{"@type":"WebPage","@id":"https:\/\/www.masserialimbitello.com\/it\/esperienze\/","url":"https:\/\/www.masserialimbitello.com\/it\/esperienze\/","name":"Vacanze in Masserie Salento. Escursioni, Percorsi Benessere e Itinerari per il tuo Soggiorno nel Salento.","isPartOf":{"@id":"https:\/\/www.masserialimbitello.com\/it\/#website"},"primaryImageOfPage":{"@id":"https:\/\/www.masserialimbitello.com\/it\/esperienze\/#primaryimage"},"image":{"@id":"https:\/\/www.masserialimbitello.com\/it\/esperienze\/#primaryimage"},"thumbnailUrl":"https:\/\/www.masserialimbitello.com\/wp-content\/uploads\/2024\/05\/yoga-2.jpg","datePublished":"2024-06-06T13:40:45+00:00","dateModified":"2024-06-14T12:34:14+00:00","description":"Le proposte di Masseria Limbitello per escursioni, percorsi benessere e itinerari nel Salento.","breadcrumb":{"@id":"https:\/\/www.masserialimbitello.com\/it\/esperienze\/#breadcrumb"},"inLanguage":"it-IT","potentialAction":[{"@type":"ReadAction","target":["https:\/\/www.masserialimbitello.com\/it\/esperienze\/"]}]},{"@type":"ImageObject","inLanguage":"it-IT","@id":"https:\/\/www.masserialimbitello.com\/it\/esperienze\/#primaryimage","url":"https:\/\/www.masserialimbitello.com\/wp-content\/uploads\/2024\/05\/yoga-2.jpg","contentUrl":"https:\/\/www.masserialimbitello.com\/wp-content\/uploads\/2024\/05\/yoga-2.jpg","width":1200,"height":800},{"@type":"BreadcrumbList","@id":"https:\/\/www.masserialimbitello.com\/it\/esperienze\/#breadcrumb","itemListElement":[{"@type":"ListItem","position":1,"name":"Home","item":"https:\/\/www.masserialimbitello.com\/it\/"},{"@type":"ListItem","position":2,"name":"Esperienze"}]},{"@type":"WebSite","@id":"https:\/\/www.masserialimbitello.com\/it\/#website","url":"https:\/\/www.masserialimbitello.com\/it\/","name":"Masseria Limbitello","description":"","publisher":{"@id":"https:\/\/www.masserialimbitello.com\/it\/#organization"},"potentialAction":[{"@type":"SearchAction","target":{"@type":"EntryPoint","urlTemplate":"https:\/\/www.masserialimbitello.com\/it\/?s={search_term_string}"},"query-input":{"@type":"PropertyValueSpecification","valueRequired":true,"valueName":"search_term_string"}}],"inLanguage":"it-IT"},{"@type":"Organization","@id":"https:\/\/www.masserialimbitello.com\/it\/#organization","name":"Masseria Limbitello","url":"https:\/\/www.masserialimbitello.com\/it\/","logo":{"@type":"ImageObject","inLanguage":"it-IT","@id":"https:\/\/www.masserialimbitello.com\/it\/#\/schema\/logo\/image\/","url":"https:\/\/www.masserialimbitello.com\/wp-content\/uploads\/2024\/03\/logo_limbitello.png","contentUrl":"https:\/\/www.masserialimbitello.com\/wp-content\/uploads\/2024\/03\/logo_limbitello.png","width":250,"height":141,"caption":"Masseria Limbitello"},"image":{"@id":"https:\/\/www.masserialimbitello.com\/it\/#\/schema\/logo\/image\/"}}]}},"_links":{"self":[{"href":"https:\/\/www.masserialimbitello.com\/it\/wp-json\/wp\/v2\/pages\/2379","targetHints":{"allow":["GET"]}}],"collection":[{"href":"https:\/\/www.masserialimbitello.com\/it\/wp-json\/wp\/v2\/pages"}],"about":[{"href":"https:\/\/www.masserialimbitello.com\/it\/wp-json\/wp\/v2\/types\/page"}],"author":[{"embeddable":true,"href":"https:\/\/www.masserialimbitello.com\/it\/wp-json\/wp\/v2\/users\/1"}],"replies":[{"embeddable":true,"href":"https:\/\/www.masserialimbitello.com\/it\/wp-json\/wp\/v2\/comments?post=2379"}],"version-history":[{"count":0,"href":"https:\/\/www.masserialimbitello.com\/it\/wp-json\/wp\/v2\/pages\/2379\/revisions"}],"wp:featuredmedia":[{"embeddable":true,"href":"https:\/\/www.masserialimbitello.com\/it\/wp-json\/wp\/v2\/media\/1869"}],"wp:attachment":[{"href":"https:\/\/www.masserialimbitello.com\/it\/wp-json\/wp\/v2\/media?parent=2379"}],"curies":[{"name":"wp","href":"https:\/\/api.w.org\/{rel}","templated":true}]}}